{"id":17,"date":"2018-09-18T09:05:39","date_gmt":"2018-09-18T09:05:39","guid":{"rendered":"https:\/\/juanbranding.com\/?page_id=17"},"modified":"2024-08-29T05:23:52","modified_gmt":"2024-08-29T05:23:52","slug":"services","status":"publish","type":"page","link":"https:\/\/juanbranding.com\/?page_id=17","title":{"rendered":"Services"},"content":{"rendered":"\t\t<div data-elementor-type=\"wp-post\" data-elementor-id=\"17\" class=\"elementor elementor-17\">\n\t\t\t\t\t\t\t\t\t<section class=\"elementor-section elementor-top-section elementor-element elementor-element-61720ff1 elementor-section-content-middle elementor-section-boxed elementor-section-height-default elementor-section-height-default\" data-id=\"61720ff1\" data-element_type=\"section\" data-settings=\"{&quot;background_background&quot;:&quot;classic&quot;}\">\n\t\t\t\t\t\t\t<div class=\"elementor-background-overlay\"><\/div>\n\t\t\t\t\t\t\t<div class=\"elementor-container elementor-column-gap-no\">\n\t\t\t\t\t<div class=\"elementor-column elementor-col-100 elementor-top-column elementor-element elementor-element-15f2257\" data-id=\"15f2257\" data-element_type=\"column\">\n\t\t\t<div class=\"elementor-widget-wrap\">\n\t\t\t\t\t\t\t\t\t<\/div>\n\t\t<\/div>\n\t\t\t\t\t\t\t<\/div>\n\t\t<\/section>\n\t\t\t\t<section class=\"elementor-section elementor-top-section elementor-element elementor-element-i5576p9 elementor-section-content-middle elementor-section-boxed elementor-section-height-default elementor-section-height-default\" data-id=\"i5576p9\" data-element_type=\"section\" data-settings=\"{&quot;background_background&quot;:&quot;classic&quot;}\">\n\t\t\t\t\t\t\t<div class=\"elementor-background-overlay\"><\/div>\n\t\t\t\t\t\t\t<div class=\"elementor-container elementor-column-gap-no\">\n\t\t\t\t\t<div class=\"elementor-column elementor-col-100 elementor-top-column elementor-element elementor-element-60772b1\" data-id=\"60772b1\" data-element_type=\"column\">\n\t\t\t<div class=\"elementor-widget-wrap elementor-element-populated\">\n\t\t\t\t\t\t\t\t<div class=\"elementor-element elementor-element-7872c98 elementor-widget elementor-widget-heading\" data-id=\"7872c98\" data-element_type=\"widget\" data-widget_type=\"heading.default\">\n\t\t\t\t<div class=\"elementor-widget-container\">\n\t\t\t<style>\/*! elementor - v3.13.3 - 28-05-2023 *\/\n.elementor-heading-title{padding:0;margin:0;line-height:1}.elementor-widget-heading .elementor-heading-title[class*=elementor-size-]>a{color:inherit;font-size:inherit;line-height:inherit}.elementor-widget-heading .elementor-heading-title.elementor-size-small{font-size:15px}.elementor-widget-heading .elementor-heading-title.elementor-size-medium{font-size:19px}.elementor-widget-heading .elementor-heading-title.elementor-size-large{font-size:29px}.elementor-widget-heading .elementor-heading-title.elementor-size-xl{font-size:39px}.elementor-widget-heading .elementor-heading-title.elementor-size-xxl{font-size:59px}<\/style><h2 class=\"elementor-heading-title elementor-size-default\">Nuestros servicios<\/h2>\t\t<\/div>\n\t\t\t\t<\/div>\n\t\t\t\t<section class=\"elementor-section elementor-inner-section elementor-element elementor-element-0834d95 elementor-section-boxed elementor-section-height-default elementor-section-height-default\" data-id=\"0834d95\" data-element_type=\"section\">\n\t\t\t\t\t\t<div class=\"elementor-container elementor-column-gap-no\">\n\t\t\t\t\t<div class=\"elementor-column elementor-col-25 elementor-inner-column elementor-element elementor-element-9f2b31d\" data-id=\"9f2b31d\" data-element_type=\"column\">\n\t\t\t<div class=\"elementor-widget-wrap elementor-element-populated\">\n\t\t\t\t\t\t\t\t<div class=\"elementor-element elementor-element-1eaee11 elementor-widget elementor-widget-image\" data-id=\"1eaee11\" data-element_type=\"widget\" data-widget_type=\"image.default\">\n\t\t\t\t<div class=\"elementor-widget-container\">\n\t\t\t<style>\/*! elementor - v3.13.3 - 28-05-2023 *\/\n.elementor-widget-image{text-align:center}.elementor-widget-image a{display:inline-block}.elementor-widget-image a img[src$=\".svg\"]{width:48px}.elementor-widget-image img{vertical-align:middle;display:inline-block}<\/style>\t\t\t\t\t\t\t\t\t\t\t\t<img loading=\"lazy\" decoding=\"async\" width=\"500\" height=\"500\" src=\"https:\/\/juanbranding.com\/wp-content\/uploads\/2023\/06\/imagen-servicios2.png\" class=\"attachment-large size-large wp-image-1526\" alt=\"\" srcset=\"https:\/\/juanbranding.com\/wp-content\/uploads\/2023\/06\/imagen-servicios2.png 500w, https:\/\/juanbranding.com\/wp-content\/uploads\/2023\/06\/imagen-servicios2-300x300.png 300w, https:\/\/juanbranding.com\/wp-content\/uploads\/2023\/06\/imagen-servicios2-150x150.png 150w\" sizes=\"(max-width: 500px) 100vw, 500px\" \/>\t\t\t\t\t\t\t\t\t\t\t\t\t\t\t<\/div>\n\t\t\t\t<\/div>\n\t\t\t\t<div class=\"elementor-element elementor-element-03e7550 elementor-widget elementor-widget-heading\" data-id=\"03e7550\" data-element_type=\"widget\" data-widget_type=\"heading.default\">\n\t\t\t\t<div class=\"elementor-widget-container\">\n\t\t\t<h1 class=\"elementor-heading-title elementor-size-large\">Dise\u00f1o de Marca<\/h1>\t\t<\/div>\n\t\t\t\t<\/div>\n\t\t\t\t<div class=\"elementor-element elementor-element-f9417bc elementor-widget elementor-widget-text-editor\" data-id=\"f9417bc\" data-element_type=\"widget\" data-widget_type=\"text-editor.default\">\n\t\t\t\t<div class=\"elementor-widget-container\">\n\t\t\t<style>\/*! elementor - v3.13.3 - 28-05-2023 *\/\n.elementor-widget-text-editor.elementor-drop-cap-view-stacked .elementor-drop-cap{background-color:#69727d;color:#fff}.elementor-widget-text-editor.elementor-drop-cap-view-framed .elementor-drop-cap{color:#69727d;border:3px solid;background-color:transparent}.elementor-widget-text-editor:not(.elementor-drop-cap-view-default) .elementor-drop-cap{margin-top:8px}.elementor-widget-text-editor:not(.elementor-drop-cap-view-default) .elementor-drop-cap-letter{width:1em;height:1em}.elementor-widget-text-editor .elementor-drop-cap{float:left;text-align:center;line-height:1;font-size:50px}.elementor-widget-text-editor .elementor-drop-cap-letter{display:inline-block}<\/style>\t\t\t\t<p><span style=\"font-weight: 400;\">Dise\u00f1ar una marca no se trata de crear una imagen atractiva o que evoque emociones, sino de asegurarse que los signos gr\u00e1ficos marcarios se adapten eficientemente a los diferentes usos, situaciones y <\/span><a href=\"https:\/\/foroalfa.org\/articulos\/las-funciones-de-la-marca-grafica\"><span style=\"font-weight: 400;\">funciones<\/span><\/a><span style=\"font-weight: 400;\"> que la marca demanda.\u00a0<\/span><\/p><p><span style=\"font-weight: 400;\">El mejor dise\u00f1o de una marca ser\u00e1 el que mejor identifique a la organizaci\u00f3n o producto al que representa.<\/span><\/p>\t\t\t\t\t\t<\/div>\n\t\t\t\t<\/div>\n\t\t\t\t\t<\/div>\n\t\t<\/div>\n\t\t\t\t<div class=\"elementor-column elementor-col-25 elementor-inner-column elementor-element elementor-element-988710c\" data-id=\"988710c\" data-element_type=\"column\">\n\t\t\t<div class=\"elementor-widget-wrap elementor-element-populated\">\n\t\t\t\t\t\t\t\t<div class=\"elementor-element elementor-element-adf7c99 elementor-widget elementor-widget-image\" data-id=\"adf7c99\" data-element_type=\"widget\" data-widget_type=\"image.default\">\n\t\t\t\t<div class=\"elementor-widget-container\">\n\t\t\t\t\t\t\t\t\t\t\t\t\t\t\t<img loading=\"lazy\" decoding=\"async\" width=\"500\" height=\"500\" src=\"https:\/\/juanbranding.com\/wp-content\/uploads\/2023\/06\/imagen-servicios3.png\" class=\"attachment-large size-large wp-image-1527\" alt=\"\" srcset=\"https:\/\/juanbranding.com\/wp-content\/uploads\/2023\/06\/imagen-servicios3.png 500w, https:\/\/juanbranding.com\/wp-content\/uploads\/2023\/06\/imagen-servicios3-300x300.png 300w, https:\/\/juanbranding.com\/wp-content\/uploads\/2023\/06\/imagen-servicios3-150x150.png 150w\" sizes=\"(max-width: 500px) 100vw, 500px\" \/>\t\t\t\t\t\t\t\t\t\t\t\t\t\t\t<\/div>\n\t\t\t\t<\/div>\n\t\t\t\t<div class=\"elementor-element elementor-element-36b7580 elementor-widget elementor-widget-heading\" data-id=\"36b7580\" data-element_type=\"widget\" data-widget_type=\"heading.default\">\n\t\t\t\t<div class=\"elementor-widget-container\">\n\t\t\t<h1 class=\"elementor-heading-title elementor-size-large\">Naming<\/h1>\t\t<\/div>\n\t\t\t\t<\/div>\n\t\t\t\t<div class=\"elementor-element elementor-element-8b13322 elementor-widget elementor-widget-text-editor\" data-id=\"8b13322\" data-element_type=\"widget\" data-widget_type=\"text-editor.default\">\n\t\t\t\t<div class=\"elementor-widget-container\">\n\t\t\t\t\t\t\t<p><span style=\"font-weight: 400;\">El naming es el proceso mediante el cual se determina el nombre de una marca.<\/span><\/p><p><span style=\"font-weight: 400;\">Aunque parezca un procedimiento puramente creativo, en realidad es un proceso de investigaci\u00f3n \/anal\u00edtico en un 80% y creativo en un 20%.<\/span><\/p><p><span style=\"font-weight: 400;\">Un buen nombre de marca o naming ayuda a desarrollar el diferenciador b\u00e1sico de una marca.<\/span><\/p>\t\t\t\t\t\t<\/div>\n\t\t\t\t<\/div>\n\t\t\t\t\t<\/div>\n\t\t<\/div>\n\t\t\t\t<div class=\"elementor-column elementor-col-25 elementor-inner-column elementor-element elementor-element-e78192b\" data-id=\"e78192b\" data-element_type=\"column\">\n\t\t\t<div class=\"elementor-widget-wrap elementor-element-populated\">\n\t\t\t\t\t\t\t\t<div class=\"elementor-element elementor-element-859f95d elementor-widget elementor-widget-image\" data-id=\"859f95d\" data-element_type=\"widget\" data-widget_type=\"image.default\">\n\t\t\t\t<div class=\"elementor-widget-container\">\n\t\t\t\t\t\t\t\t\t\t\t\t\t\t\t<img loading=\"lazy\" decoding=\"async\" width=\"500\" height=\"500\" src=\"https:\/\/juanbranding.com\/wp-content\/uploads\/2023\/06\/imagen-servicios5.png\" class=\"attachment-large size-large wp-image-1529\" alt=\"\" srcset=\"https:\/\/juanbranding.com\/wp-content\/uploads\/2023\/06\/imagen-servicios5.png 500w, https:\/\/juanbranding.com\/wp-content\/uploads\/2023\/06\/imagen-servicios5-300x300.png 300w, https:\/\/juanbranding.com\/wp-content\/uploads\/2023\/06\/imagen-servicios5-150x150.png 150w\" sizes=\"(max-width: 500px) 100vw, 500px\" \/>\t\t\t\t\t\t\t\t\t\t\t\t\t\t\t<\/div>\n\t\t\t\t<\/div>\n\t\t\t\t<div class=\"elementor-element elementor-element-b46873a elementor-widget elementor-widget-heading\" data-id=\"b46873a\" data-element_type=\"widget\" data-widget_type=\"heading.default\">\n\t\t\t\t<div class=\"elementor-widget-container\">\n\t\t\t<h1 class=\"elementor-heading-title elementor-size-large\">Dise\u00f1o Gr\u00e1fico<\/h1>\t\t<\/div>\n\t\t\t\t<\/div>\n\t\t\t\t<div class=\"elementor-element elementor-element-34061c0 elementor-widget elementor-widget-text-editor\" data-id=\"34061c0\" data-element_type=\"widget\" data-widget_type=\"text-editor.default\">\n\t\t\t\t<div class=\"elementor-widget-container\">\n\t\t\t\t\t\t\t<p><span style=\"font-weight: 400;\">Nuestros servicios de Dise\u00f1o son muy diversos, pero todos enfocados a generar una mejor comunicaci\u00f3n visual de marca, empresa, producto o servicio.<\/span><\/p>\t\t\t\t\t\t<\/div>\n\t\t\t\t<\/div>\n\t\t\t\t\t<\/div>\n\t\t<\/div>\n\t\t\t\t<div class=\"elementor-column elementor-col-25 elementor-inner-column elementor-element elementor-element-8ee4ec1\" data-id=\"8ee4ec1\" data-element_type=\"column\">\n\t\t\t<div class=\"elementor-widget-wrap elementor-element-populated\">\n\t\t\t\t\t\t\t\t<div class=\"elementor-element elementor-element-cbfa00e elementor-widget elementor-widget-image\" data-id=\"cbfa00e\" data-element_type=\"widget\" data-widget_type=\"image.default\">\n\t\t\t\t<div class=\"elementor-widget-container\">\n\t\t\t\t\t\t\t\t\t\t\t\t\t\t\t<img loading=\"lazy\" decoding=\"async\" width=\"500\" height=\"500\" src=\"https:\/\/juanbranding.com\/wp-content\/uploads\/2023\/06\/imagen-servicios4.png\" class=\"attachment-large size-large wp-image-1528\" alt=\"\" srcset=\"https:\/\/juanbranding.com\/wp-content\/uploads\/2023\/06\/imagen-servicios4.png 500w, https:\/\/juanbranding.com\/wp-content\/uploads\/2023\/06\/imagen-servicios4-300x300.png 300w, https:\/\/juanbranding.com\/wp-content\/uploads\/2023\/06\/imagen-servicios4-150x150.png 150w\" sizes=\"(max-width: 500px) 100vw, 500px\" \/>\t\t\t\t\t\t\t\t\t\t\t\t\t\t\t<\/div>\n\t\t\t\t<\/div>\n\t\t\t\t<div class=\"elementor-element elementor-element-2edef0d elementor-widget elementor-widget-heading\" data-id=\"2edef0d\" data-element_type=\"widget\" data-widget_type=\"heading.default\">\n\t\t\t\t<div class=\"elementor-widget-container\">\n\t\t\t<h1 class=\"elementor-heading-title elementor-size-large\">Branding<\/h1>\t\t<\/div>\n\t\t\t\t<\/div>\n\t\t\t\t<div class=\"elementor-element elementor-element-af0c249 elementor-widget elementor-widget-text-editor\" data-id=\"af0c249\" data-element_type=\"widget\" data-widget_type=\"text-editor.default\">\n\t\t\t\t<div class=\"elementor-widget-container\">\n\t\t\t\t\t\t\t<p><span style=\"font-weight: 400;\">Es la\u00a0 gesti\u00f3n de todas estrategias de comunicaci\u00f3n de\u00a0 marca en una empresa.<\/span><\/p><p><span style=\"font-weight: 400;\">La comunicaci\u00f3n se construye desde el interior de la empresa hasta como se proyecta antes sus clientes. finalmente Branding es lo que las personas piensan y dicen sobre tu marca.\u00a0<\/span><\/p><p><span style=\"font-weight: 400;\">El Branding nace incluso antes que la marca, nace con la idea de qu\u00e9 se quiere hacer, a d\u00f3nde se quiere llegar, a qui\u00e9nes se quiere vender y c\u00f3mo se quiere mostrar. Nace con la visi\u00f3n y la misi\u00f3n.<\/span><\/p>\t\t\t\t\t\t<\/div>\n\t\t\t\t<\/div>\n\t\t\t\t\t<\/div>\n\t\t<\/div>\n\t\t\t\t\t\t\t<\/div>\n\t\t<\/section>\n\t\t\t\t\t<\/div>\n\t\t<\/div>\n\t\t\t\t\t\t\t<\/div>\n\t\t<\/section>\n\t\t\t\t<section class=\"elementor-section elementor-top-section elementor-element elementor-element-d4be3af elementor-section-boxed elementor-section-height-default elementor-section-height-default\" data-id=\"d4be3af\" data-element_type=\"section\">\n\t\t\t\t\t\t<div class=\"elementor-container elementor-column-gap-default\">\n\t\t\t\t\t<div class=\"elementor-column elementor-col-25 elementor-top-column elementor-element elementor-element-9ef221a\" data-id=\"9ef221a\" data-element_type=\"column\">\n\t\t\t<div class=\"elementor-widget-wrap elementor-element-populated\">\n\t\t\t\t\t\t\t\t<div class=\"elementor-element elementor-element-05c9bb8 elementor-widget elementor-widget-image\" data-id=\"05c9bb8\" data-element_type=\"widget\" data-widget_type=\"image.default\">\n\t\t\t\t<div class=\"elementor-widget-container\">\n\t\t\t\t\t\t\t\t\t\t\t\t\t\t\t<img loading=\"lazy\" decoding=\"async\" width=\"955\" height=\"1024\" src=\"https:\/\/juanbranding.com\/wp-content\/uploads\/2024\/08\/storytelling-955x1024.png\" class=\"attachment-large size-large wp-image-1931\" alt=\"Storytelling\" srcset=\"https:\/\/juanbranding.com\/wp-content\/uploads\/2024\/08\/storytelling-955x1024.png 955w, https:\/\/juanbranding.com\/wp-content\/uploads\/2024\/08\/storytelling-280x300.png 280w, https:\/\/juanbranding.com\/wp-content\/uploads\/2024\/08\/storytelling-768x823.png 768w, https:\/\/juanbranding.com\/wp-content\/uploads\/2024\/08\/storytelling.png 1080w\" sizes=\"(max-width: 955px) 100vw, 955px\" \/>\t\t\t\t\t\t\t\t\t\t\t\t\t\t\t<\/div>\n\t\t\t\t<\/div>\n\t\t\t\t<div class=\"elementor-element elementor-element-515e11a elementor-widget elementor-widget-heading\" data-id=\"515e11a\" data-element_type=\"widget\" data-widget_type=\"heading.default\">\n\t\t\t\t<div class=\"elementor-widget-container\">\n\t\t\t<h2 class=\"elementor-heading-title elementor-size-default\">Storytelling<\/h2>\t\t<\/div>\n\t\t\t\t<\/div>\n\t\t\t\t<div class=\"elementor-element elementor-element-665e588 elementor-widget elementor-widget-text-editor\" data-id=\"665e588\" data-element_type=\"widget\" data-widget_type=\"text-editor.default\">\n\t\t\t\t<div class=\"elementor-widget-container\">\n\t\t\t\t\t\t\t<p>Las marcas utilizan el storytelling para crear una imagen fuerte y conectarse con sus clientes a un nivel m\u00e1s profundo. Un anuncio que cuenta una historia es m\u00e1s probable que conecte con su audiencia a diferencia de uno que solo muestra las caracter\u00edsticas del producto o de su servicio.<\/p><p>Las historias tienen el poder de tocar las emociones de las personas. Cuando las personas se sienten conectadas emocionalmente con una historia, es m\u00e1s probable que recuerden el mensaje y act\u00faen en una acci\u00f3n de compra.<\/p>\t\t\t\t\t\t<\/div>\n\t\t\t\t<\/div>\n\t\t\t\t\t<\/div>\n\t\t<\/div>\n\t\t\t\t<div class=\"elementor-column elementor-col-25 elementor-top-column elementor-element elementor-element-feb0ed0\" data-id=\"feb0ed0\" data-element_type=\"column\">\n\t\t\t<div class=\"elementor-widget-wrap elementor-element-populated\">\n\t\t\t\t\t\t\t\t<div class=\"elementor-element elementor-element-cb4b87c elementor-widget elementor-widget-image\" data-id=\"cb4b87c\" data-element_type=\"widget\" data-widget_type=\"image.default\">\n\t\t\t\t<div class=\"elementor-widget-container\">\n\t\t\t\t\t\t\t\t\t\t\t\t\t\t\t<img loading=\"lazy\" decoding=\"async\" width=\"1024\" height=\"1024\" src=\"https:\/\/juanbranding.com\/wp-content\/uploads\/2024\/08\/emociones2-1024x1024.png\" class=\"attachment-large size-large wp-image-1932\" alt=\"Talleres en redes sociales\" srcset=\"https:\/\/juanbranding.com\/wp-content\/uploads\/2024\/08\/emociones2-1024x1024.png 1024w, https:\/\/juanbranding.com\/wp-content\/uploads\/2024\/08\/emociones2-300x300.png 300w, https:\/\/juanbranding.com\/wp-content\/uploads\/2024\/08\/emociones2-150x150.png 150w, https:\/\/juanbranding.com\/wp-content\/uploads\/2024\/08\/emociones2-768x768.png 768w, https:\/\/juanbranding.com\/wp-content\/uploads\/2024\/08\/emociones2.png 1080w\" sizes=\"(max-width: 1024px) 100vw, 1024px\" \/>\t\t\t\t\t\t\t\t\t\t\t\t\t\t\t<\/div>\n\t\t\t\t<\/div>\n\t\t\t\t<div class=\"elementor-element elementor-element-e59d6d7 elementor-widget elementor-widget-heading\" data-id=\"e59d6d7\" data-element_type=\"widget\" data-widget_type=\"heading.default\">\n\t\t\t\t<div class=\"elementor-widget-container\">\n\t\t\t<h2 class=\"elementor-heading-title elementor-size-large\">Asesor\u00eda en Comunicaci\u00f3n<\/h2>\t\t<\/div>\n\t\t\t\t<\/div>\n\t\t\t\t<div class=\"elementor-element elementor-element-ad917b7 elementor-widget elementor-widget-text-editor\" data-id=\"ad917b7\" data-element_type=\"widget\" data-widget_type=\"text-editor.default\">\n\t\t\t\t<div class=\"elementor-widget-container\">\n\t\t\t\t\t\t\t<p><span style=\"font-weight: 400;\">Sabemos que hoy en d\u00eda es muy importante proyectar una imagen confiable hacia nuestro mercado.<\/span><\/p><p><span style=\"font-weight: 400;\">Una gran cantidad de peque\u00f1as empresas no cuentan con una imagen adecuada, una forma de apoyar a las empresas es mediante una asesor\u00eda donde se hace menci\u00f3n de los detalles t\u00e9cnicos de la marca y la comunicaci\u00f3n. Con ello buscamos que nuestros clientes mejoren en dichos problemas.<\/span><\/p>\t\t\t\t\t\t<\/div>\n\t\t\t\t<\/div>\n\t\t\t\t\t<\/div>\n\t\t<\/div>\n\t\t\t\t<div class=\"elementor-column elementor-col-25 elementor-top-column elementor-element elementor-element-e2d5b13\" data-id=\"e2d5b13\" data-element_type=\"column\">\n\t\t\t<div class=\"elementor-widget-wrap elementor-element-populated\">\n\t\t\t\t\t\t\t\t<div class=\"elementor-element elementor-element-e3d2740 elementor-widget elementor-widget-image\" data-id=\"e3d2740\" data-element_type=\"widget\" data-widget_type=\"image.default\">\n\t\t\t\t<div class=\"elementor-widget-container\">\n\t\t\t\t\t\t\t\t\t\t\t\t\t\t\t<img loading=\"lazy\" decoding=\"async\" width=\"950\" height=\"1024\" src=\"https:\/\/juanbranding.com\/wp-content\/uploads\/2024\/08\/taller-950x1024.png\" class=\"attachment-large size-large wp-image-1933\" alt=\"Taller Redes Sociales\" srcset=\"https:\/\/juanbranding.com\/wp-content\/uploads\/2024\/08\/taller-950x1024.png 950w, https:\/\/juanbranding.com\/wp-content\/uploads\/2024\/08\/taller-278x300.png 278w, https:\/\/juanbranding.com\/wp-content\/uploads\/2024\/08\/taller-768x828.png 768w, https:\/\/juanbranding.com\/wp-content\/uploads\/2024\/08\/taller.png 1080w\" sizes=\"(max-width: 950px) 100vw, 950px\" \/>\t\t\t\t\t\t\t\t\t\t\t\t\t\t\t<\/div>\n\t\t\t\t<\/div>\n\t\t\t\t<div class=\"elementor-element elementor-element-6390955 elementor-widget elementor-widget-heading\" data-id=\"6390955\" data-element_type=\"widget\" data-widget_type=\"heading.default\">\n\t\t\t\t<div class=\"elementor-widget-container\">\n\t\t\t<h2 class=\"elementor-heading-title elementor-size-default\">Talleres<\/h2>\t\t<\/div>\n\t\t\t\t<\/div>\n\t\t\t\t<div class=\"elementor-element elementor-element-99f0053 elementor-widget elementor-widget-text-editor\" data-id=\"99f0053\" data-element_type=\"widget\" data-widget_type=\"text-editor.default\">\n\t\t\t\t<div class=\"elementor-widget-container\">\n\t\t\t\t\t\t\t<p><span style=\"font-weight: 400;\">No todos los negocios tienen las mismas necesidades y por lo mismo el contenido digital debe ir enfocado a las necesidades de la empresa.<\/span><\/p><p><span style=\"font-weight: 400;\">En este taller aprender\u00e1s a generar contenido adecuado para tu negocio.<\/span><\/p><p><span style=\"font-weight: 400;\">Aprender\u00e1s a crear reels, historias, videos y posts, que conecten con tus clientes y seguidores.<\/span><\/p>\t\t\t\t\t\t<\/div>\n\t\t\t\t<\/div>\n\t\t\t\t\t<\/div>\n\t\t<\/div>\n\t\t\t\t<div class=\"elementor-column elementor-col-25 elementor-top-column elementor-element elementor-element-49f4343\" data-id=\"49f4343\" data-element_type=\"column\">\n\t\t\t<div class=\"elementor-widget-wrap elementor-element-populated\">\n\t\t\t\t\t\t\t\t<div class=\"elementor-element elementor-element-f07a861 elementor-widget elementor-widget-image\" data-id=\"f07a861\" data-element_type=\"widget\" data-widget_type=\"image.default\">\n\t\t\t\t<div class=\"elementor-widget-container\">\n\t\t\t\t\t\t\t\t\t\t\t\t\t\t\t<img loading=\"lazy\" decoding=\"async\" width=\"500\" height=\"500\" src=\"https:\/\/juanbranding.com\/wp-content\/uploads\/2023\/06\/imagen-servicios6.png\" class=\"attachment-large size-large wp-image-1530\" alt=\"Sitios web\" srcset=\"https:\/\/juanbranding.com\/wp-content\/uploads\/2023\/06\/imagen-servicios6.png 500w, https:\/\/juanbranding.com\/wp-content\/uploads\/2023\/06\/imagen-servicios6-300x300.png 300w, https:\/\/juanbranding.com\/wp-content\/uploads\/2023\/06\/imagen-servicios6-150x150.png 150w\" sizes=\"(max-width: 500px) 100vw, 500px\" \/>\t\t\t\t\t\t\t\t\t\t\t\t\t\t\t<\/div>\n\t\t\t\t<\/div>\n\t\t\t\t<div class=\"elementor-element elementor-element-0e94116 elementor-widget elementor-widget-heading\" data-id=\"0e94116\" data-element_type=\"widget\" data-widget_type=\"heading.default\">\n\t\t\t\t<div class=\"elementor-widget-container\">\n\t\t\t<h2 class=\"elementor-heading-title elementor-size-default\">Sitios Web<\/h2>\t\t<\/div>\n\t\t\t\t<\/div>\n\t\t\t\t<div class=\"elementor-element elementor-element-e65ad60 elementor-widget elementor-widget-text-editor\" data-id=\"e65ad60\" data-element_type=\"widget\" data-widget_type=\"text-editor.default\">\n\t\t\t\t<div class=\"elementor-widget-container\">\n\t\t\t\t\t\t\t<p><span style=\"font-weight: 400;\">Un sitio web es una forma efectiva de presentar a tus clientes nuevos servicios, informar sobre nuevos productos, anunciar eventos y promociones especiales de una forma profesional . Es verdad que hoy en d\u00eda la mayor\u00eda de los consumidores se mueven a trav\u00e9s de las redes sociales y deja un poco de lado los sitios web, sin embargo un sitio web puede ayudar a mostrar profesionalismo y generar confianza en el consumidor.<\/span><\/p>\t\t\t\t\t\t<\/div>\n\t\t\t\t<\/div>\n\t\t\t\t\t<\/div>\n\t\t<\/div>\n\t\t\t\t\t\t\t<\/div>\n\t\t<\/section>\n\t\t\t\t\t\t\t<\/div>\n\t\t","protected":false},"excerpt":{"rendered":"<p>Nuestros servicios Dise\u00f1o de Marca Dise\u00f1ar una marca no se trata de crear una imagen atractiva o que evoque emociones, sino de asegurarse que los signos gr\u00e1ficos marcarios se adapten eficientemente a los diferentes usos, situaciones y funciones que la marca demanda.\u00a0 El mejor dise\u00f1o de una marca ser\u00e1 el que mejor identifique a la &hellip;<\/p>\n<p class=\"read-more\"> <a class=\"\" href=\"https:\/\/juanbranding.com\/?page_id=17\"> <span class=\"screen-reader-text\">Services<\/span> Read More &raquo;<\/a><\/p>\n","protected":false},"author":1,"featured_media":0,"parent":0,"menu_order":0,"comment_status":"closed","ping_status":"closed","template":"","meta":{"site-sidebar-layout":"no-sidebar","site-content-layout":"page-builder","ast-global-header-display":"","ast-banner-title-visibility":"","ast-main-header-display":"","ast-hfb-above-header-display":"","ast-hfb-below-header-display":"","ast-hfb-mobile-header-display":"","site-post-title":"disabled","ast-breadcrumbs-content":"","ast-featured-img":"disabled","footer-sml-layout":"","theme-transparent-header-meta":"enabled","adv-header-id-meta":"","stick-header-meta":"","header-above-stick-meta":"","header-main-stick-meta":"","header-below-stick-meta":"","footnotes":""},"class_list":["post-17","page","type-page","status-publish","hentry"],"_links":{"self":[{"href":"https:\/\/juanbranding.com\/index.php?rest_route=\/wp\/v2\/pages\/17"}],"collection":[{"href":"https:\/\/juanbranding.com\/index.php?rest_route=\/wp\/v2\/pages"}],"about":[{"href":"https:\/\/juanbranding.com\/index.php?rest_route=\/wp\/v2\/types\/page"}],"author":[{"embeddable":true,"href":"https:\/\/juanbranding.com\/index.php?rest_route=\/wp\/v2\/users\/1"}],"replies":[{"embeddable":true,"href":"https:\/\/juanbranding.com\/index.php?rest_route=%2Fwp%2Fv2%2Fcomments&post=17"}],"version-history":[{"count":43,"href":"https:\/\/juanbranding.com\/index.php?rest_route=\/wp\/v2\/pages\/17\/revisions"}],"predecessor-version":[{"id":1943,"href":"https:\/\/juanbranding.com\/index.php?rest_route=\/wp\/v2\/pages\/17\/revisions\/1943"}],"wp:attachment":[{"href":"https:\/\/juanbranding.com\/index.php?rest_route=%2Fwp%2Fv2%2Fmedia&parent=17"}],"curies":[{"name":"wp","href":"https:\/\/api.w.org\/{rel}","templated":true}]}}